{"id":729,"date":"2022-02-18T13:15:08","date_gmt":"2022-02-18T12:15:08","guid":{"rendered":"https:\/\/www.hoteldemontesquieu.fr\/?page_id=729"},"modified":"2026-02-24T10:36:38","modified_gmt":"2026-02-24T09:36:38","slug":"site-map","status":"publish","type":"page","link":"https:\/\/www.hoteldemontesquieu.fr\/en\/site-map\/","title":{"rendered":"Site map"},"content":{"rendered":"<div data-elementor-type=\"wp-page\" data-elementor-id=\"729\" class=\"elementor elementor-729\" data-elementor-post-type=\"page\">\n\t\t\t\t\t\t<section class=\"elementor-section elementor-top-section elementor-element elementor-element-316b276 elementor-section-full_width elementor-section-height-min-height elementor-section-height-default elementor-section-items-middle\" data-id=\"316b276\" data-element_type=\"section\" data-e-type=\"section\" data-settings=\"{&quot;_ob_glider_is_slider&quot;:&quot;no&quot;}\">\n\t\t\t\t\t\t<div class=\"elementor-container elementor-column-gap-no\">\n\t\t\t\t\t<div class=\"elementor-column elementor-col-100 elementor-top-column elementor-element elementor-element-6623786a\" data-id=\"6623786a\" data-element_type=\"column\" data-e-type=\"column\" data-settings=\"{&quot;_ob_column_hoveranimator&quot;:&quot;no&quot;,&quot;_ob_column_has_pseudo&quot;:&quot;no&quot;}\">\n\t\t\t<div class=\"elementor-widget-wrap elementor-element-populated\">\n\t\t\t\t\t\t<div class=\"elementor-element elementor-element-3aabf84e elementor--h-position-center elementor--v-position-middle elementor-arrows-position-inside elementor-pagination-position-inside ob-has-background-overlay elementor-widget elementor-widget-slides\" data-id=\"3aabf84e\" data-element_type=\"widget\" data-e-type=\"widget\" data-settings=\"{&quot;navigation&quot;:&quot;both&quot;,&quot;infinite&quot;:&quot;yes&quot;,&quot;transition&quot;:&quot;slide&quot;,&quot;transition_speed&quot;:500,&quot;_ob_widget_stalker_use&quot;:&quot;no&quot;,&quot;_ob_poopart_use&quot;:&quot;yes&quot;,&quot;_ob_shadough_use&quot;:&quot;no&quot;,&quot;_ob_allow_hoveranimator&quot;:&quot;no&quot;}\" data-widget_type=\"slides.default\">\n\t\t\t\t<div class=\"elementor-widget-container\">\n\t\t\t\t\t\t\t\t\t<div class=\"elementor-swiper\">\n\t\t\t\t\t<div class=\"elementor-slides-wrapper elementor-main-swiper swiper\" role=\"region\" aria-roledescription=\"carousel\" aria-label=\"Slides\" dir=\"ltr\" data-animation=\"fadeInUp\">\n\t\t\t\t<div class=\"swiper-wrapper elementor-slides\">\n\t\t\t\t\t\t\t\t\t\t<div class=\"elementor-repeater-item-642deba swiper-slide\" role=\"group\" aria-roledescription=\"slide\"><div class=\"swiper-slide-bg\" role=\"img\" aria-label=\"Hotel de Montesquieu Paris 8th arrondissement\"><\/div><div class=\"elementor-background-overlay\"><\/div><div class=\"swiper-slide-inner\" ><div class=\"swiper-slide-contents\"><\/div><\/div><\/div>\t\t\t\t<\/div>\n\t\t\t\t\t\t\t<\/div>\n\t\t\t\t<\/div>\n\t\t\t\t\t\t\t\t<\/div>\n\t\t\t\t<\/div>\n\t\t\t\t\t<\/div>\n\t\t<\/div>\n\t\t\t\t\t<\/div>\n\t\t<\/section>\n\t\t\t\t<section class=\"elementor-section elementor-top-section elementor-element elementor-element-452f63c4 elementor-section-boxed elementor-section-height-default elementor-section-height-default\" data-id=\"452f63c4\" data-element_type=\"section\" data-e-type=\"section\" data-settings=\"{&quot;background_background&quot;:&quot;classic&quot;,&quot;_ob_glider_is_slider&quot;:&quot;no&quot;}\">\n\t\t\t\t\t\t<div class=\"elementor-container elementor-column-gap-default\">\n\t\t\t\t\t<div class=\"elementor-column elementor-col-100 elementor-top-column elementor-element elementor-element-11f0fbc9\" data-id=\"11f0fbc9\" data-element_type=\"column\" data-e-type=\"column\" data-settings=\"{&quot;_ob_column_hoveranimator&quot;:&quot;no&quot;,&quot;_ob_column_has_pseudo&quot;:&quot;no&quot;}\">\n\t\t\t<div class=\"elementor-widget-wrap elementor-element-populated\">\n\t\t\t\t\t\t<div class=\"elementor-element elementor-element-387251c3 elementor-absolute ob-harakiri-inherit ob-has-background-overlay elementor-widget elementor-widget-heading\" data-id=\"387251c3\" data-element_type=\"widget\" data-e-type=\"widget\" data-settings=\"{&quot;_ob_shadough_use&quot;:&quot;yes&quot;,&quot;_position&quot;:&quot;absolute&quot;,&quot;_ob_use_harakiri&quot;:&quot;yes&quot;,&quot;_ob_harakiri_writing_mode&quot;:&quot;inherit&quot;,&quot;_ob_harakiri_text_clip&quot;:&quot;none&quot;,&quot;_ob_widget_stalker_use&quot;:&quot;no&quot;,&quot;_ob_poopart_use&quot;:&quot;yes&quot;}\" data-widget_type=\"heading.default\">\n\t\t\t\t<div class=\"elementor-widget-container\">\n\t\t\t\t\t<h2 class=\"elementor-heading-title elementor-size-default\"><a href=\"#paris\">Site map<\/a><\/h2>\t\t\t\t<\/div>\n\t\t\t\t<\/div>\n\t\t\t\t\t<\/div>\n\t\t<\/div>\n\t\t\t\t\t<\/div>\n\t\t<\/section>\n\t\t\t\t<section class=\"elementor-section elementor-top-section elementor-element elementor-element-14826936 elementor-section-boxed elementor-section-height-default elementor-section-height-default\" data-id=\"14826936\" data-element_type=\"section\" data-e-type=\"section\" data-settings=\"{&quot;background_background&quot;:&quot;classic&quot;,&quot;_ob_glider_is_slider&quot;:&quot;no&quot;}\">\n\t\t\t\t\t\t\t<div class=\"elementor-background-overlay\"><\/div>\n\t\t\t\t\t\t\t<div class=\"elementor-container elementor-column-gap-default\">\n\t\t\t\t\t<div class=\"elementor-column elementor-col-100 elementor-top-column elementor-element elementor-element-238d95a4\" data-id=\"238d95a4\" data-element_type=\"column\" data-e-type=\"column\" data-settings=\"{&quot;_ob_column_hoveranimator&quot;:&quot;no&quot;,&quot;_ob_column_has_pseudo&quot;:&quot;no&quot;}\">\n\t\t\t<div class=\"elementor-widget-wrap elementor-element-populated\">\n\t\t\t\t\t\t<div class=\"elementor-element elementor-element-7815271b ob-has-background-overlay elementor-widget elementor-widget-menu-anchor\" data-id=\"7815271b\" data-element_type=\"widget\" data-e-type=\"widget\" data-settings=\"{&quot;_ob_widget_stalker_use&quot;:&quot;no&quot;,&quot;_ob_poopart_use&quot;:&quot;yes&quot;,&quot;_ob_shadough_use&quot;:&quot;no&quot;,&quot;_ob_allow_hoveranimator&quot;:&quot;no&quot;}\" data-widget_type=\"menu-anchor.default\">\n\t\t\t\t<div class=\"elementor-widget-container\">\n\t\t\t\t\t\t\t<div class=\"elementor-menu-anchor\" id=\"paris\"><\/div>\n\t\t\t\t\t\t<\/div>\n\t\t\t\t<\/div>\n\t\t\t\t<section class=\"elementor-section elementor-inner-section elementor-element elementor-element-4ae3121b elementor-section-boxed elementor-section-height-default elementor-section-height-default\" data-id=\"4ae3121b\" data-element_type=\"section\" data-e-type=\"section\" data-settings=\"{&quot;_ob_glider_is_slider&quot;:&quot;no&quot;}\">\n\t\t\t\t\t\t<div class=\"elementor-container elementor-column-gap-default\">\n\t\t\t\t\t<div class=\"elementor-column elementor-col-100 elementor-inner-column elementor-element elementor-element-d37821c\" data-id=\"d37821c\" data-element_type=\"column\" data-e-type=\"column\" data-settings=\"{&quot;_ob_column_hoveranimator&quot;:&quot;no&quot;,&quot;_ob_column_has_pseudo&quot;:&quot;no&quot;}\">\n\t\t\t<div class=\"elementor-widget-wrap elementor-element-populated\">\n\t\t\t\t\t\t<div class=\"elementor-element elementor-element-5f9f2c4b ob-has-background-overlay elementor-widget elementor-widget-sitemap\" data-id=\"5f9f2c4b\" data-element_type=\"widget\" data-e-type=\"widget\" data-settings=\"{&quot;_ob_widget_stalker_use&quot;:&quot;no&quot;,&quot;_ob_poopart_use&quot;:&quot;yes&quot;,&quot;_ob_shadough_use&quot;:&quot;no&quot;,&quot;_ob_allow_hoveranimator&quot;:&quot;no&quot;}\" data-widget_type=\"sitemap.default\">\n\t\t\t\t<div class=\"elementor-widget-container\">\n\t\t\t\t\t<div class=\"elementor-sitemap-wrap\"><div class=\"elementor-sitemap-section\"><h2 class=\"elementor-sitemap-title elementor-sitemap-page-title\">Pages<\/h2><ul class=\"elementor-sitemap-list elementor-sitemap-page-list\"><li class=\"elementor-sitemap-item elementor-sitemap-item-page page_item page-item-243\"><a href=\"https:\/\/www.hoteldemontesquieu.fr\/en\/access-and-contact\/\">Access and Contact<\/a><\/li><li class=\"elementor-sitemap-item elementor-sitemap-item-page page_item page-item-32\"><a href=\"https:\/\/www.hoteldemontesquieu.fr\/en\/\">Home<\/a><\/li><li class=\"elementor-sitemap-item elementor-sitemap-item-page page_item page-item-237\"><a href=\"https:\/\/www.hoteldemontesquieu.fr\/en\/charming-hotel-stay-paris-champs-elysees\/\">Articles<\/a><\/li><li class=\"elementor-sitemap-item elementor-sitemap-item-page page_item page-item-2255\"><a href=\"https:\/\/www.hoteldemontesquieu.fr\/en\/prestige-room\/\">Prestige room<\/a><\/li><li class=\"elementor-sitemap-item elementor-sitemap-item-page page_item page-item-223\"><a href=\"https:\/\/www.hoteldemontesquieu.fr\/en\/luxury-suites-paris-8\/\">Rooms and Suites<\/a><ul class='children'><li class=\"elementor-sitemap-item elementor-sitemap-item-page page_item page-item-225\"><a href=\"https:\/\/www.hoteldemontesquieu.fr\/en\/luxury-suites-paris-8\/double-classic\/\">Double classic<\/a><\/li><li class=\"elementor-sitemap-item elementor-sitemap-item-page page_item page-item-227\"><a href=\"https:\/\/www.hoteldemontesquieu.fr\/en\/luxury-suites-paris-8\/double-deluxe\/\">Double Deluxe<\/a><\/li><li class=\"elementor-sitemap-item elementor-sitemap-item-page page_item page-item-1451\"><a href=\"https:\/\/www.hoteldemontesquieu.fr\/en\/luxury-suites-paris-8\/montesquieu-suite\/\">Executive suite<\/a><\/li><li class=\"elementor-sitemap-item elementor-sitemap-item-page page_item page-item-229\"><a href=\"https:\/\/www.hoteldemontesquieu.fr\/en\/luxury-suites-paris-8\/junior-suite\/\">Junior Suite<\/a><\/li><li class=\"elementor-sitemap-item elementor-sitemap-item-page page_item page-item-231\"><a href=\"https:\/\/www.hoteldemontesquieu.fr\/en\/luxury-suites-paris-8\/deluxe-suite\/\">Suite<\/a><\/li><\/ul><\/li><li class=\"elementor-sitemap-item elementor-sitemap-item-page page_item page-item-721\"><a href=\"https:\/\/www.hoteldemontesquieu.fr\/en\/terms-and-conditions-of-sale\/\">General Terms and Conditions of Sale<\/a><\/li><li class=\"elementor-sitemap-item elementor-sitemap-item-page page_item page-item-241\"><a href=\"https:\/\/www.hoteldemontesquieu.fr\/en\/gallery\/\">Gallery<\/a><\/li><li class=\"elementor-sitemap-item elementor-sitemap-item-page page_item page-item-220\"><a href=\"https:\/\/www.hoteldemontesquieu.fr\/en\/5-star-hotel-paris-champs-elysees\/\">Hotel<\/a><\/li><li class=\"elementor-sitemap-item elementor-sitemap-item-page page_item page-item-3\"><a href=\"https:\/\/www.hoteldemontesquieu.fr\/en\/legal-information\/\">Legal Notice<\/a><\/li><li class=\"elementor-sitemap-item elementor-sitemap-item-page page_item page-item-710\"><a href=\"https:\/\/www.hoteldemontesquieu.fr\/en\/health-measures\/\">Health measures<\/a><\/li><li class=\"elementor-sitemap-item elementor-sitemap-item-page page_item page-item-239\"><a href=\"https:\/\/www.hoteldemontesquieu.fr\/en\/special-offers\/\">Special offers<\/a><\/li><li class=\"elementor-sitemap-item elementor-sitemap-item-page page_item page-item-235\"><a href=\"https:\/\/www.hoteldemontesquieu.fr\/en\/paris\/\">Paris<\/a><ul class='children'><li class=\"elementor-sitemap-item elementor-sitemap-item-page page_item page-item-245\"><a href=\"https:\/\/www.hoteldemontesquieu.fr\/en\/paris\/the-8th-district\/\">The 8th district<\/a><\/li><li class=\"elementor-sitemap-item elementor-sitemap-item-page page_item page-item-249\"><a href=\"https:\/\/www.hoteldemontesquieu.fr\/en\/paris\/le-parc-monceau\/\">Parc Monceau<\/a><\/li><li class=\"elementor-sitemap-item elementor-sitemap-item-page page_item page-item-247\"><a href=\"https:\/\/www.hoteldemontesquieu.fr\/en\/paris\/les-champs-elysees-le-faubourg-saint-honore\/\">The Champs-\u00c9lys\u00e9es &amp; the Faubourg Saint-Honor\u00e9<\/a><\/li><\/ul><\/li><li class=\"elementor-sitemap-item elementor-sitemap-item-page page_item page-item-729\"><a href=\"https:\/\/www.hoteldemontesquieu.fr\/en\/site-map\/\">Site map<\/a><\/li><li class=\"elementor-sitemap-item elementor-sitemap-item-page page_item page-item-737\"><a href=\"https:\/\/www.hoteldemontesquieu.fr\/en\/more-information\/\">More info<\/a><\/li><li class=\"elementor-sitemap-item elementor-sitemap-item-page page_item page-item-233\"><a href=\"https:\/\/www.hoteldemontesquieu.fr\/en\/services-hotel-5-etoiles-paris-8\/\">Services<\/a><\/li><\/ul><\/div><\/div>\t\t\t\t<\/div>\n\t\t\t\t<\/div>\n\t\t\t\t\t<\/div>\n\t\t<\/div>\n\t\t\t\t\t<\/div>\n\t\t<\/section>\n\t\t\t\t\t<\/div>\n\t\t<\/div>\n\t\t\t\t\t<\/div>\n\t\t<\/section>\n\t\t\t\t<\/div>","protected":false},"excerpt":{"rendered":"<p>Site map<\/p>","protected":false},"author":12,"featured_media":0,"parent":0,"menu_order":0,"comment_status":"closed","ping_status":"closed","template":"","meta":{"inline_featured_image":false,"footnotes":""},"class_list":["post-729","page","type-page","status-publish","hentry"],"_links":{"self":[{"href":"https:\/\/www.hoteldemontesquieu.fr\/en\/wp-json\/wp\/v2\/pages\/729","targetHints":{"allow":["GET"]}}],"collection":[{"href":"https:\/\/www.hoteldemontesquieu.fr\/en\/wp-json\/wp\/v2\/pages"}],"about":[{"href":"https:\/\/www.hoteldemontesquieu.fr\/en\/wp-json\/wp\/v2\/types\/page"}],"author":[{"embeddable":true,"href":"https:\/\/www.hoteldemontesquieu.fr\/en\/wp-json\/wp\/v2\/users\/12"}],"replies":[{"embeddable":true,"href":"https:\/\/www.hoteldemontesquieu.fr\/en\/wp-json\/wp\/v2\/comments?post=729"}],"version-history":[{"count":10,"href":"https:\/\/www.hoteldemontesquieu.fr\/en\/wp-json\/wp\/v2\/pages\/729\/revisions"}],"predecessor-version":[{"id":3388,"href":"https:\/\/www.hoteldemontesquieu.fr\/en\/wp-json\/wp\/v2\/pages\/729\/revisions\/3388"}],"wp:attachment":[{"href":"https:\/\/www.hoteldemontesquieu.fr\/en\/wp-json\/wp\/v2\/media?parent=729"}],"curies":[{"name":"wp","href":"https:\/\/api.w.org\/{rel}","templated":true}]}}